{"id":28,"date":"2024-03-04T09:44:58","date_gmt":"2024-03-04T09:44:58","guid":{"rendered":"https:\/\/truyenthongmediaviet.vn\/?page_id=28"},"modified":"2024-03-07T04:38:04","modified_gmt":"2024-03-07T04:38:04","slug":"lien-he","status":"publish","type":"page","link":"https:\/\/truyenthongmediaviet.vn\/?page_id=28","title":{"rendered":"Li\u00ean h\u1ec7"},"content":{"rendered":"<div>\n<p>    <img decoding=\"async\" src=\"\/wp-content\/uploads\/2024\/03\/Frame-1000015347.png\" alt=\"\"><\/p>\n<\/div>\n<div>\n<h2>Li\u00ean h\u1ec7 t\u01b0 v\u1ea5n<\/h2>\n<div>\n<div class=\"wpcf7 no-js\" id=\"wpcf7-f493-o1\" lang=\"vi\" dir=\"ltr\" data-wpcf7-id=\"493\">\n<div class=\"screen-reader-response\"><p role=\"status\" aria-live=\"polite\" aria-atomic=\"true\"><\/p> <ul><\/ul><\/div>\n<form action=\"\/index.php?rest_route=%2Fwp%2Fv2%2Fpages%2F28#wpcf7-f493-o1\" method=\"post\" class=\"wpcf7-form init\" aria-label=\"Form li\u00ean h\u1ec7\" novalidate=\"novalidate\" data-status=\"init\">\n<fieldset class=\"hidden-fields-container\"><input type=\"hidden\" name=\"_wpcf7\" value=\"493\" \/><input type=\"hidden\" name=\"_wpcf7_version\" value=\"6.1\" \/><input type=\"hidden\" name=\"_wpcf7_locale\" value=\"vi\" \/><input type=\"hidden\" name=\"_wpcf7_unit_tag\" value=\"wpcf7-f493-o1\" \/><input type=\"hidden\" name=\"_wpcf7_container_post\" value=\"0\" \/><input type=\"hidden\" name=\"_wpcf7_posted_data_hash\" value=\"\" \/>\n<\/fieldset>\n<div uk-grid class=\"uk-child-width-1-1 uk-grid-small\">\n\t<div>\n\t\t<p><span class=\"wpcf7-form-control-wrap\" data-name=\"hoten\"><input size=\"40\" maxlength=\"400\" class=\"wpcf7-form-control wpcf7-text wpcf7-validates-as-required uk-input\" aria-required=\"true\" aria-invalid=\"false\" placeholder=\"H\u1ecd v\u00e0 t\u00ean\" value=\"\" type=\"text\" name=\"hoten\" \/><\/span>\n\t\t<\/p>\n\t<\/div>\n\t<div>\n\t\t<p><span class=\"wpcf7-form-control-wrap\" data-name=\"sodienthoai\"><input size=\"40\" maxlength=\"400\" class=\"wpcf7-form-control wpcf7-tel wpcf7-validates-as-required wpcf7-text wpcf7-validates-as-tel uk-input\" aria-required=\"true\" aria-invalid=\"false\" placeholder=\"S\u1ed1 \u0111i\u1ec7n tho\u1ea1i\" value=\"\" type=\"tel\" name=\"sodienthoai\" \/><\/span>\n\t\t<\/p>\n\t<\/div>\n\t<div>\n\t\t<p><span class=\"wpcf7-form-control-wrap\" data-name=\"email-address\"><input size=\"40\" maxlength=\"400\" class=\"wpcf7-form-control wpcf7-email wpcf7-validates-as-required wpcf7-text wpcf7-validates-as-email uk-input\" aria-required=\"true\" aria-invalid=\"false\" placeholder=\"Email\" value=\"\" type=\"email\" name=\"email-address\" \/><\/span>\n\t\t<\/p>\n\t<\/div>\n\t<div>\n\t\t<p><span class=\"wpcf7-form-control-wrap\" data-name=\"nhucau\"><textarea cols=\"4\" rows=\"2\" maxlength=\"2000\" class=\"wpcf7-form-control wpcf7-textarea uk-textarea\" aria-invalid=\"false\" placeholder=\"Nhu c\u1ea7u c\u1ee7a qu\u00fd kh\u00e1ch\" name=\"nhucau\"><\/textarea><\/span>\n\t\t<\/p>\n\t<\/div>\n\t<div>\n\t\t<p><input class=\"wpcf7-form-control wpcf7-submit has-spinner uk-button uk-button-primary\" type=\"submit\" value=\"G\u1eedi \u0111i\" \/>\n\t\t<\/p>\n\t<\/div>\n<\/div><div class=\"wpcf7-response-output\" aria-hidden=\"true\"><\/div>\n<\/form>\n<\/div>\n<\/div>\n<\/div>\n<h6><strong>Th\u00f4ng tin li\u00ean h\u1ec7<\/strong><\/h6>\n<ul>\n<li>\n<p>        <img decoding=\"async\" src=\"\/wp-content\/uploads\/2024\/03\/iconamoon_phone-light.svg\" alt=\"\"><\/p>\n<div>\n<p>0964.683.222<\/p>\n<\/div>\n<\/li>\n<li>\n<p>        <img decoding=\"async\" src=\"\/wp-content\/uploads\/2024\/03\/mail.svg\" alt=\"\"><\/p>\n<div>\n<p>lehoang@truyenthongmediaviet.vn<\/p>\n<\/div>\n<\/li>\n<li>\n<p>        <img decoding=\"async\" src=\"\/wp-content\/uploads\/2024\/03\/mdi_location.svg\" alt=\"\"><\/p>\n<div>\n<p><span>Ng\u00f5 50 \u0110. Nguy\u1ec5n Xi\u1ec3n, Thanh Xu\u00e2n Nam, Thanh Xu\u00e2n, H\u00e0 N\u1ed9i<\/span><\/p>\n<\/div>\n<\/li>\n<\/ul>\n<ul>\n<li>\n<div>FOLLOW US:<\/div>\n<\/li>\n<li>\n<p><img decoding=\"async\" src=\"\/wp-content\/uploads\/2024\/03\/ri_facebook-fill.svg\" alt=\"\"><\/p>\n<h3>Frame 1000015564<\/h3>\n<\/li>\n<li>\n<p><img decoding=\"async\" src=\"\/wp-content\/uploads\/2024\/03\/ic_sharp-tiktok.svg\" alt=\"\"><\/p>\n<h3>Frame 1000015565<\/h3>\n<\/li>\n<li>\n<p><img decoding=\"async\" src=\"\/wp-content\/uploads\/2024\/03\/bxl_youtube.svg\" alt=\"\"><\/p>\n<h3>Frame 1000015566<\/h3>\n<\/li>\n<\/ul>\n<div>\n<p>20.9903,105.8037<\/p>\n<\/div>\n<p><!--more--><br \/>\n<!-- {\"type\":\"layout\",\"children\":[{\"type\":\"section\",\"props\":{\"image_position\":\"bottom-center\",\"image_size\":\"cover\",\"padding\":\"none\",\"style\":\"default\",\"title_breakpoint\":\"xl\",\"title_position\":\"top-left\",\"title_rotation\":\"left\",\"vertical_align\":\"middle\",\"width\":\"\"},\"children\":[{\"type\":\"row\",\"children\":[{\"type\":\"column\",\"props\":{\"image_position\":\"center-center\",\"position_sticky_breakpoint\":\"m\"},\"children\":[{\"type\":\"slideshow\",\"props\":{\"link_style\":\"default\",\"link_text\":\"Read more\",\"margin\":\"default\",\"meta_align\":\"below-title\",\"meta_element\":\"div\",\"meta_style\":\"text-meta\",\"nav\":\"dotnav\",\"nav_align\":\"center\",\"nav_breakpoint\":\"s\",\"nav_position\":\"bottom-center\",\"nav_position_margin\":\"medium\",\"overlay_animation\":\"parallax\",\"overlay_position\":\"center-left\",\"show_content\":true,\"show_link\":true,\"show_meta\":true,\"show_thumbnail\":true,\"show_title\":true,\"slidenav\":\"default\",\"slidenav_breakpoint\":\"s\",\"slidenav_margin\":\"medium\",\"slidenav_outside_breakpoint\":\"xl\",\"slideshow_autoplay_pause\":true,\"slideshow_max_height\":\"660\",\"slideshow_min_height\":\"660\",\"slideshow_ratio\":\"1440:660\",\"thumbnav_height\":\"75\",\"thumbnav_svg_color\":\"emphasis\",\"thumbnav_width\":\"100\",\"title_element\":\"h3\"},\"children\":[{\"type\":\"slideshow_item\",\"props\":{\"image\":\"wp-content\\\/uploads\\\/2024\\\/03\\\/Frame-1000015347.png\"}}]}]}]}]},{\"type\":\"section\",\"props\":{\"image_position\":\"center-center\",\"padding\":\"none\",\"style\":\"default\",\"title_breakpoint\":\"xl\",\"title_position\":\"top-left\",\"title_rotation\":\"left\",\"vertical_align\":\"middle\",\"width\":\"default\"},\"children\":[{\"type\":\"row\",\"props\":{\"column_gap\":\"collapse\",\"css\":\".el-row\\n{\\n    transform:translatey(-120px);\\n}\\n.uk-card-default\\n{\\n    box-shadow:unset;\\n    background-color:transparent;\\n}\\n@media (max-width: 960px){\\n    .el-row{\\n        transform:translatey(-100px);\\n    }\\n}\",\"layout\":\"1-2,1-2\",\"row_gap\":\"collapse\"},\"children\":[{\"type\":\"column\",\"props\":{\"css\":\"@media (min-width: 960px){\\n.uk-card-default .uk-padding-remove\\n{\\n    padding-left:103px !important;\\n}\\n}\",\"image\":\"#\",\"image_position\":\"center-center\",\"media_background\":\"rgba(233, 240, 252, 0.9)\",\"padding\":\"none\",\"position_sticky_breakpoint\":\"m\",\"style\":\"card-default\",\"width_medium\":\"auto\"},\"children\":[{\"type\":\"panel\",\"props\":{\"block_align\":\"center\",\"content\":\"[contact-form-7 id=\\\"319c037\\\" title=\\\"Li\\u00ean h\\u1ec7 pages\\\"]\",\"content_column_breakpoint\":\"m\",\"css\":\".uk-input\\n{\\n    border-color:transparent;\\n    padding:0 ;\\n    background:transparent;\\n    color:#000;\\n    border-bottom:1px solid #6A6A6A !important;\\n}\\n.uk-input::placeholder,.uk-textarea::placeholder\\n{\\n    color:#6A6A6A;\\n}\\n.uk-textarea\\n{\\n    border-color:transparent;\\n    padding-left:0;\\n    background:transparent;\\n    border-bottom:1px solid #6A6A6A !important;\\n}\\n.el-title\\n{\\n    color:#000;\\n}\\n.el-element\\n{\\n    width:585px;\\n    background-color:#BDD5FF;\\n    color:#000 !important;\\n    padding-bottom:62px;\\n    padding-top:62px;\\n    margin-top:-62px;\\n    margin-bottom:-62px;\\n   border-radius: 8px;\\n}\\n.uk-button-primary\\n{\\n    font-size:18px;\\n    margin-top:70px;\\n    background-color:#276AE3;\\n    color:#FFF;\\n    width:200px;\\n    font-weight: 600;\\n    line-height:54px;\\n}\\n.el-element:before,.el-element:after\\n{\\n    content:\\\"\\\";\\n    width:8px;\\n    height:298px;\\n    background-color:#276AE3;\\n    position:absolute;\\n    left:0;\\n    transform:translatex(-100%) translatey(-50%);\\n    top:50%;\\n    border-radius:10px;\\n    \\n}\\n.el-element:after\\n{\\n    left:100%;\\n    transform:translatex(0) translatey(-50%);\\n    z-index:1;\\n}\\n@media only screen and (max-width: 480px){\\n \\t.el-element{\\n     \\twidth: 275px;   \\n    }\\n    .el-title{\\n     \\tfont-size: 20px;   \\n    }\\n    .uk-input{\\n     \\theight: 34px;   \\n    }\\n    .uk-textarea{\\n     \\theight: 58px;   \\n    }\\n    .uk-input::placeholder,\\n    .uk-textarea::placeholder{\\n     \\tfont-size: 14px;\\n    }\\n    .uk-button-primary{\\n        font-size: 14px;\\n        line-height: 42px;\\n        width: 156px;\\n        margin-top: 30px;\\n    }\\n    .el-element\\n    {\\n        padding-bottom:28px;\\n        padding-top:28px;\\n        margin-top:-28px;\\n        margin-bottom:-28px;\\n    }\\n    .el-element:before,.el-element:after\\n    {\\n        width:5px;\\n        height:221px;\\n        background-color:#F7B319;\\n    }\\n}\",\"icon_width\":80,\"image_align\":\"top\",\"image_grid_breakpoint\":\"m\",\"image_grid_width\":\"1-2\",\"image_svg_color\":\"emphasis\",\"link_style\":\"primary\",\"link_text\":\"G\\u1eedi \\u0111i\",\"margin\":\"default\",\"maxwidth\":\"xlarge\",\"meta_align\":\"below-title\",\"meta_element\":\"div\",\"meta_style\":\"text-meta\",\"panel_padding\":\"default\",\"panel_style\":\"card-primary\",\"title\":\"Li\\u00ean h\\u1ec7 t\\u01b0 v\\u1ea5n\",\"title_align\":\"top\",\"title_element\":\"h2\",\"title_grid_breakpoint\":\"m\",\"title_grid_width\":\"1-2\",\"title_hover_style\":\"reset\"}}]},{\"type\":\"column\",\"props\":{\"css\":\".uk-card-body\\n{\\n    padding:50px;\\n}\\n@media (max-width: 480px){\\n \\t.uk-card-body\\n    {\\n        padding: 30px 20px 40px 20px;\\n    }   \\n}\",\"image\":\"#\",\"image_position\":\"center-center\",\"media_background\":\"rgba(233, 240, 252, 0.9)\",\"position_sticky_breakpoint\":\"m\",\"style\":\"card-default\",\"vertical_align\":\"middle\",\"width_medium\":\"expand\"},\"children\":[{\"type\":\"headline\",\"props\":{\"content\":\"<strong>Th\\u00f4ng tin li\\u00ean h\\u1ec7<\\\/strong>\",\"css\":\".el-element:after\\n{\\n    display:block;\\n    content:\\\"\\\";\\n    width:76px;\\n    height:2px;\\n    background-color:#000;\\n    border-radius:500px;\\n}\",\"title_element\":\"h6\"}},{\"type\":\"list\",\"props\":{\"column_breakpoint\":\"m\",\"css\":\".el-image\\n{\\n    border:1px solid #F7B319;\\n    border-radius:50%;\\n    padding:9px;\\n}\\n.el-content\\n{\\n    font-size:18px;\\n    font-weight:400;\\n    color: #000;\\n}\\n@media (max-width: 480px){\\n \\t.el-content{\\n     \\tfont-size: 15px;   \\n    }\\n}\",\"image_align\":\"left\",\"image_height\":\"42\",\"image_svg_color\":\"emphasis\",\"image_svg_inline\":false,\"image_vertical_align\":true,\"image_width\":\"42\",\"list_element\":\"ul\",\"list_horizontal_separator\":\", \",\"list_type\":\"vertical\",\"show_image\":true,\"show_link\":true},\"children\":[{\"type\":\"list_item\",\"props\":{\"content\":\"\n\n<p>0964.683.222<\\\/p>\",\"image\":\"wp-content\\\/uploads\\\/2024\\\/03\\\/iconamoon_phone-light.svg\"}},{\"type\":\"list_item\",\"props\":{\"content\":\"\n\n<p>lehoang@truyenthongmediaviet.vn<\\\/p>\",\"image\":\"wp-content\\\/uploads\\\/2024\\\/03\\\/mail.svg\"}},{\"type\":\"list_item\",\"props\":{\"content\":\"\n\n<p><span>Ng\\u00f5 50 \\u0110. Nguy\\u1ec5n Xi\\u1ec3n, Thanh Xu\\u00e2n Nam, Thanh Xu\\u00e2n, H\\u00e0 N\\u1ed9i<\\\/span><\\\/p>\",\"image\":\"wp-content\\\/uploads\\\/2024\\\/03\\\/mdi_location.svg\"}}]},{\"type\":\"grid\",\"props\":{\"content_column_breakpoint\":\"m\",\"css\":\".uk-grid\\n{\\n    gap: 15px;\\n}\\n.el-content{\\n \\tfont-size: 16px;   \\n    font-weight: 600;\\n    color: #000;\\n}\\n.el-image{\\n \\tbackground: #fff;\\n    border-radius: 50%;padding: 2px;\\n}\",\"filter_align\":\"left\",\"filter_all\":true,\"filter_grid_breakpoint\":\"m\",\"filter_grid_width\":\"auto\",\"filter_position\":\"top\",\"filter_style\":\"tab\",\"grid_column_align\":false,\"grid_column_gap\":\"collapse\",\"grid_default\":\"auto\",\"grid_medium\":\"\",\"grid_row_align\":true,\"grid_row_gap\":\"large\",\"icon_width\":80,\"image_align\":\"top\",\"image_grid_breakpoint\":\"m\",\"image_grid_width\":\"1-2\",\"image_height\":\"30\",\"image_svg_color\":\"emphasis\",\"image_width\":\"30\",\"item_animation\":true,\"link_style\":\"default\",\"link_text\":\"Read more\",\"margin\":\"medium\",\"meta_align\":\"below-title\",\"meta_element\":\"div\",\"meta_style\":\"text-meta\",\"show_content\":true,\"show_image\":true,\"show_link\":true,\"show_meta\":true,\"show_title\":false,\"title_align\":\"top\",\"title_element\":\"h3\",\"title_grid_breakpoint\":\"m\",\"title_grid_width\":\"1-2\",\"title_hover_style\":\"reset\"},\"children\":[{\"type\":\"grid_item\",\"props\":{\"content\":\"FOLLOW US:\"}},{\"type\":\"grid_item\",\"props\":{\"image\":\"wp-content\\\/uploads\\\/2024\\\/03\\\/ri_facebook-fill.svg\",\"title\":\"Frame 1000015564\"}},{\"type\":\"grid_item\",\"props\":{\"image\":\"wp-content\\\/uploads\\\/2024\\\/03\\\/ic_sharp-tiktok.svg\",\"title\":\"Frame 1000015565\"}},{\"type\":\"grid_item\",\"props\":{\"image\":\"wp-content\\\/uploads\\\/2024\\\/03\\\/bxl_youtube.svg\",\"title\":\"Frame 1000015566\"}}]}]}]}]},{\"type\":\"section\",\"props\":{\"css\":\"@media (max-width: 640px){\\n \\t.el-section{\\n     \\tpadding-top: 0 !important;   \\n    }\\n}\",\"image_position\":\"center-center\",\"style\":\"default\",\"title_breakpoint\":\"xl\",\"title_position\":\"top-left\",\"title_rotation\":\"left\",\"vertical_align\":\"middle\",\"width\":\"default\"},\"children\":[{\"type\":\"row\",\"children\":[{\"type\":\"column\",\"props\":{\"image_position\":\"center-center\",\"position_sticky_breakpoint\":\"m\"},\"children\":[{\"type\":\"map\",\"props\":{\"controls\":true,\"css\":\".el-element{\\n \\tmin-height: 532px;   \\n    border-radius: 10px;\\n}\",\"dragging\":true,\"height\":\"532\",\"image_svg_color\":\"emphasis\",\"link_style\":\"default\",\"link_text\":\"Read more\",\"margin\":\"default\",\"max_zoom\":18,\"meta_align\":\"below-title\",\"meta_element\":\"div\",\"meta_style\":\"text-meta\",\"min_zoom\":0,\"poi\":false,\"show_content\":true,\"show_image\":true,\"show_link\":true,\"show_meta\":true,\"show_title\":true,\"title_element\":\"h3\",\"title_hover_style\":\"reset\",\"type\":\"roadmap\",\"width\":\"1200\",\"zoom\":\"16\",\"zooming\":true},\"children\":[{\"type\":\"map_item\",\"props\":{\"location\":\"20.9903,105.8037\"}}]}]}]}]}],\"version\":\"4.3.5\"} --><\/p>\n","protected":false},"excerpt":{"rendered":"<p>Li\u00ean h\u1ec7 t\u01b0 v\u1ea5n Th\u00f4ng tin li\u00ean h\u1ec7 0964.683.222 lehoang@truyenthongmediaviet.vn Ng\u00f5 50 \u0110. Nguy\u1ec5n Xi\u1ec3n, Thanh Xu\u00e2n Nam, Thanh Xu\u00e2n, H\u00e0 N\u1ed9i FOLLOW US: Frame 1000015564 Frame 1000015565 Frame 1000015566 20.9903,105.8037<\/p>\n","protected":false},"author":1,"featured_media":0,"parent":0,"menu_order":0,"comment_status":"closed","ping_status":"closed","template":"","meta":{"footnotes":""},"class_list":["post-28","page","type-page","status-publish","hentry"],"acf":[],"_links":{"self":[{"href":"https:\/\/truyenthongmediaviet.vn\/index.php?rest_route=\/wp\/v2\/pages\/28","targetHints":{"allow":["GET"]}}],"collection":[{"href":"https:\/\/truyenthongmediaviet.vn\/index.php?rest_route=\/wp\/v2\/pages"}],"about":[{"href":"https:\/\/truyenthongmediaviet.vn\/index.php?rest_route=\/wp\/v2\/types\/page"}],"author":[{"embeddable":true,"href":"https:\/\/truyenthongmediaviet.vn\/index.php?rest_route=\/wp\/v2\/users\/1"}],"replies":[{"embeddable":true,"href":"https:\/\/truyenthongmediaviet.vn\/index.php?rest_route=%2Fwp%2Fv2%2Fcomments&post=28"}],"version-history":[{"count":17,"href":"https:\/\/truyenthongmediaviet.vn\/index.php?rest_route=\/wp\/v2\/pages\/28\/revisions"}],"predecessor-version":[{"id":677,"href":"https:\/\/truyenthongmediaviet.vn\/index.php?rest_route=\/wp\/v2\/pages\/28\/revisions\/677"}],"wp:attachment":[{"href":"https:\/\/truyenthongmediaviet.vn\/index.php?rest_route=%2Fwp%2Fv2%2Fmedia&parent=28"}],"curies":[{"name":"wp","href":"https:\/\/api.w.org\/{rel}","templated":true}]}}